{"id":9,"date":"2020-11-27T23:32:54","date_gmt":"2020-11-27T20:32:54","guid":{"rendered":"https:\/\/haski.ua\/?page_id=9"},"modified":"2025-03-20T16:54:10","modified_gmt":"2025-03-20T14:54:10","slug":"autsorsing-skladskogo-personala","status":"publish","type":"page","link":"https:\/\/haski.ua\/ru\/","title":{"rendered":"\u0410\u0443\u0442\u0441\u043e\u0440\u0441\u0438\u043d\u0433 \u0441\u043a\u043b\u0430\u0434\u0441\u043a\u043e\u0433\u043e \u043f\u0435\u0440\u0441\u043e\u043d\u0430\u043b\u0430"},"content":{"rendered":"\n<p>\u0422\u0435\u0441\u0442\u043e\u0432\u0430\u044f \u0441\u043c\u0435\u043d\u0430 \u0437\u0430 \u043d\u0430\u0448 \u0441\u0447\u0435\u0442, \u0443\u0431\u0435\u0434\u0438\u0442\u0435\u0441\u044c \u0432 \u044d\u0444\u0444\u0435\u043a\u0442\u0438\u0432\u043d\u043e\u0441\u0442\u0438 \u0441\u0430\u043c\u043e\u0441\u0442\u043e\u044f\u0442\u0435\u043b\u044c\u043d\u043e!<\/p>\n","protected":false},"excerpt":{"rendered":"<p>\u0422\u0435\u0441\u0442\u043e\u0432\u0430\u044f \u0441\u043c\u0435\u043d\u0430 \u0437\u0430 \u043d\u0430\u0448 \u0441\u0447\u0435\u0442, \u0443\u0431\u0435\u0434\u0438\u0442\u0435\u0441\u044c \u0432 \u044d\u0444\u0444\u0435\u043a\u0442\u0438\u0432\u043d\u043e\u0441\u0442\u0438 \u0441\u0430\u043c\u043e\u0441\u0442\u043e\u044f\u0442\u0435\u043b\u044c\u043d\u043e!<\/p>\n","protected":false},"author":1,"featured_media":3310,"parent":0,"menu_order":0,"comment_status":"closed","ping_status":"closed","template":"index.php","meta":[],"yoast_head":"<!-- This site is optimized with the Yoast SEO plugin v15.7 - https:\/\/yoast.com\/wordpress\/plugins\/seo\/ -->\n<title>\u0410\u0443\u0442\u0441\u043e\u0440\u0441\u0438\u043d\u0433 \u0441\u043a\u043b\u0430\u0434\u0441\u043a\u043e\u0433\u043e \u043f\u0435\u0440\u0441\u043e\u043d\u0430\u043b\u0430 | Haski.ua<\/title>\n<meta name=\"description\" content=\"Outsourcing pracownik\u00f3w magazyn\u00f3w. Us\u0142ugi \u0142adowarek, akcesori\u00f3w. Bezp\u0142atna zmiana testowa.\" \/>\n<meta name=\"robots\" content=\"index, follow, max-snippet:-1, max-image-preview:large, max-video-preview:-1\" \/>\n<link rel=\"canonical\" href=\"https:\/\/haski.ua\/\" \/>\n<meta property=\"og:locale\" content=\"ru_RU\" \/>\n<meta property=\"og:type\" content=\"article\" \/>\n<meta property=\"og:title\" content=\"Haski.ua\" \/>\n<meta property=\"og:description\" content=\"\u0410\u0443\u0442\u0441\u043e\u0440\u0441\u0438\u043d\u0433 \u0441\u043a\u043b\u0430\u0434\u0441\u044c\u043a\u043e\u0433\u043e \u043f\u0435\u0440\u0441\u043e\u043d\u0430\u043b\u0443\" \/>\n<meta property=\"og:url\" content=\"https:\/\/haski.ua\/\" \/>\n<meta property=\"og:site_name\" content=\"Haski.ua\" \/>\n<meta property=\"article:publisher\" content=\"https:\/\/www.facebook.com\/haski.ua\/\" \/>\n<meta property=\"article:modified_time\" content=\"2025-03-20T14:54:10+00:00\" \/>\n<meta property=\"og:image\" content=\"https:\/\/haski.ua\/wp-content\/uploads\/2020\/12\/dsc_8921-scaled.jpg\" \/>\n\t<meta property=\"og:image:width\" content=\"2048\" \/>\n\t<meta property=\"og:image:height\" content=\"1366\" \/>\n<meta name=\"twitter:card\" content=\"summary_large_image\" \/>\n<meta name=\"twitter:label1\" content=\"\u041f\u0440\u0438\u043c\u0435\u0440\u043d\u043e\u0435 \u0432\u0440\u0435\u043c\u044f \u0434\u043b\u044f \u0447\u0442\u0435\u043d\u0438\u044f\">\n\t<meta name=\"twitter:data1\" content=\"1 \u043c\u0438\u043d\u0443\u0442\u0430\">\n<!-- \/ Yoast SEO plugin. -->","_links":{"self":[{"href":"https:\/\/haski.ua\/ru\/wp-json\/wp\/v2\/pages\/9"}],"collection":[{"href":"https:\/\/haski.ua\/ru\/wp-json\/wp\/v2\/pages"}],"about":[{"href":"https:\/\/haski.ua\/ru\/wp-json\/wp\/v2\/types\/page"}],"author":[{"embeddable":true,"href":"https:\/\/haski.ua\/ru\/wp-json\/wp\/v2\/users\/1"}],"replies":[{"embeddable":true,"href":"https:\/\/haski.ua\/ru\/wp-json\/wp\/v2\/comments?post=9"}],"version-history":[{"count":182,"href":"https:\/\/haski.ua\/ru\/wp-json\/wp\/v2\/pages\/9\/revisions"}],"predecessor-version":[{"id":13910,"href":"https:\/\/haski.ua\/ru\/wp-json\/wp\/v2\/pages\/9\/revisions\/13910"}],"wp:featuredmedia":[{"embeddable":true,"href":"https:\/\/haski.ua\/ru\/wp-json\/wp\/v2\/media\/3310"}],"wp:attachment":[{"href":"https:\/\/haski.ua\/ru\/wp-json\/wp\/v2\/media?parent=9"}],"curies":[{"name":"wp","href":"https:\/\/api.w.org\/{rel}","templated":true}]}}